{"id":2290,"date":"2025-02-13T19:38:33","date_gmt":"2025-02-13T18:38:33","guid":{"rendered":"https:\/\/mavoisinecuisine.com\/?page_id=2290"},"modified":"2025-02-15T21:33:48","modified_gmt":"2025-02-15T20:33:48","slug":"qui-suis-je","status":"publish","type":"page","link":"https:\/\/mavoisinecuisine.com\/index.php\/qui-suis-je\/","title":{"rendered":"Qui suis-je ?"},"content":{"rendered":"\n<div class=\"wp-block-columns is-layout-flex wp-container-core-columns-is-layout-28f84493 wp-block-columns-is-layout-flex\">\n<div class=\"wp-block-column is-layout-flow wp-block-column-is-layout-flow\">\n<figure class=\"wp-block-image size-large\"><img fetchpriority=\"high\" decoding=\"async\" width=\"890\" height=\"1024\" src=\"https:\/\/mavoisinecuisine.com\/wp-content\/uploads\/2023\/11\/G_Grosz_aont_2023_BD_DSC08424-e1739474246601-890x1024.jpg\" alt=\"\" class=\"wp-image-16\" srcset=\"https:\/\/mavoisinecuisine.com\/wp-content\/uploads\/2023\/11\/G_Grosz_aont_2023_BD_DSC08424-e1739474246601-890x1024.jpg 890w, https:\/\/mavoisinecuisine.com\/wp-content\/uploads\/2023\/11\/G_Grosz_aont_2023_BD_DSC08424-e1739474246601-261x300.jpg 261w, https:\/\/mavoisinecuisine.com\/wp-content\/uploads\/2023\/11\/G_Grosz_aont_2023_BD_DSC08424-e1739474246601-768x883.jpg 768w, https:\/\/mavoisinecuisine.com\/wp-content\/uploads\/2023\/11\/G_Grosz_aont_2023_BD_DSC08424-e1739474246601.jpg 1333w\" sizes=\"(max-width: 890px) 100vw, 890px\" \/><\/figure>\n<\/div>\n\n\n\n<div class=\"wp-block-column is-layout-flow wp-block-column-is-layout-flow\">\n<p class=\"has-medium-font-size\" style=\"line-height:1.4\">Je m\u2019appelle Julie Grosz, je suis <strong>maman de deux enfants<\/strong> et j&rsquo;habite \u00e0 Collonges-sous-Sal\u00e8ve.<\/p>\n\n\n\n<p class=\"has-medium-font-size\" style=\"line-height:1.4\">Depuis mon plus jeune \u00e2ge, j\u2019ai pour <strong>passion la cuisine<\/strong>, c\u2019est pourquoi j\u2019ai effectu\u00e9 toutes mes \u00e9tudes dans l\u2019h\u00f4tellerie et la restauration \u00e0 Paris. J\u2019ai ensuite b\u00e2ti mes exp\u00e9riences professionnelles entre Paris, Auckland (NZ) et Gen\u00e8ve.<\/p>\n\n\n\n<p class=\"has-medium-font-size\" style=\"line-height:1.4\">Avec mon travail et mes enfants, j&rsquo;ai moi aussi \u00e9t\u00e9 confront\u00e9e aux d\u00e9fis quotidiens n\u00e9cessitant de <strong>jongler<\/strong> entre travail, famille, loisirs et <strong>repas \u00e0 pr\u00e9parer<\/strong>&#8230; C&rsquo;est parce que je <strong>comprends <\/strong>parfaitement vos besoins que j&rsquo;ai pu cr\u00e9er Ma Voisine Cuisine, pour vous permettre d&rsquo;<strong>all\u00e9ger <\/strong>et d&rsquo;<strong>embellir <\/strong>votre quotidien.<\/p>\n\n\n\n<p><\/p>\n<\/div>\n<\/div>\n\n\n\n<div class=\"wp-block-columns is-layout-flex wp-container-core-columns-is-layout-28f84493 wp-block-columns-is-layout-flex\">\n<div class=\"wp-block-column is-layout-flow wp-block-column-is-layout-flow\" style=\"flex-basis:100%\">\n<div class=\"wp-block-columns is-layout-flex wp-container-core-columns-is-layout-28f84493 wp-block-columns-is-layout-flex\">\n<div class=\"wp-block-column is-layout-flow wp-block-column-is-layout-flow\">\n<figure class=\"wp-block-image size-full\"><img decoding=\"async\" width=\"640\" height=\"410\" src=\"https:\/\/mavoisinecuisine.com\/wp-content\/uploads\/2024\/02\/clock-2696234_640.jpg\" alt=\"\" class=\"wp-image-812\" srcset=\"https:\/\/mavoisinecuisine.com\/wp-content\/uploads\/2024\/02\/clock-2696234_640.jpg 640w, https:\/\/mavoisinecuisine.com\/wp-content\/uploads\/2024\/02\/clock-2696234_640-300x192.jpg 300w\" sizes=\"(max-width: 640px) 100vw, 640px\" \/><\/figure>\n<\/div>\n\n\n\n<div class=\"wp-block-column is-layout-flow wp-block-column-is-layout-flow\">\n<p class=\"has-medium-font-size\" style=\"line-height:1.4\">Avec Ma Voisine Cuisine, mon ambition est de <strong>vous simplifier la vie <\/strong>et de vous faire <strong>gagner du temps<\/strong>, en vous concoctant une <strong>cuisine fra\u00eeche<\/strong> et d\u00e9licieuse <strong>pr\u00e9par\u00e9e chez vous<\/strong>, comme par magie !<\/p>\n\n\n\n<p class=\"has-black-color has-text-color has-link-color wp-elements-0e8a0f2a5308708f2eef758d78d05e6f\" style=\"font-size:20px;line-height:1.4\">Plus besoin de chercher des menus pour <strong>satisfaire <\/strong>toute la famille ni de faire les courses : apr\u00e8s une \u00e9puisante journ\u00e9e de travail, d\u00e9tendez-vous : il vous suffira de r\u00e9chauffer et de faire une mini pr\u00e9paration (salade, riz&#8230;) pour accompagner votre plat pr\u00e9par\u00e9 par Ma Voisine Cuisine.<\/p>\n\n\n\n<p class=\"has-black-color has-text-color has-link-color wp-elements-63125e184971a00304c07fbddb9f8f36\" style=\"font-size:20px;line-height:1.4\"><\/p>\n<\/div>\n<\/div>\n<\/div>\n<\/div>\n\n\n\n<div class=\"wp-block-columns is-layout-flex wp-container-core-columns-is-layout-28f84493 wp-block-columns-is-layout-flex\">\n<div class=\"wp-block-column is-layout-flow wp-block-column-is-layout-flow\">\n<figure class=\"wp-block-image size-full\"><img decoding=\"async\" width=\"640\" height=\"480\" src=\"https:\/\/mavoisinecuisine.com\/wp-content\/uploads\/2024\/02\/handshake-3298455_640.jpg\" alt=\"\" class=\"wp-image-723\" srcset=\"https:\/\/mavoisinecuisine.com\/wp-content\/uploads\/2024\/02\/handshake-3298455_640.jpg 640w, https:\/\/mavoisinecuisine.com\/wp-content\/uploads\/2024\/02\/handshake-3298455_640-300x225.jpg 300w\" sizes=\"(max-width: 640px) 100vw, 640px\" \/><\/figure>\n<\/div>\n\n\n\n<div class=\"wp-block-column is-layout-flow wp-block-column-is-layout-flow\">\n<p class=\"has-medium-font-size\" style=\"line-height:1.4\"><strong>Organis\u00e9e, m\u00e9ticuleuse et \u00e0 votre \u00e9coute,<\/strong> je vous propose avec Ma Voisine Cuisine, une approche \u00e9thique et \u00e9colo, tout en prenant soin de la plan\u00e8te !<\/p>\n\n\n\n<p class=\"has-medium-font-size\" style=\"line-height:1.4\">Alors \u00e0 tr\u00e8s bient\u00f4t et au plaisir de <strong>vous r\u00e9galer<\/strong>&#8230;<\/p>\n\n\n\n<div class=\"wp-block-buttons is-content-justification-center is-layout-flex wp-container-core-buttons-is-layout-a89b3969 wp-block-buttons-is-layout-flex\">\n<div class=\"wp-block-button has-custom-width wp-block-button__width-50 has-custom-font-size is-style-fill has-medium-font-size\" style=\"line-height:1.4\"><a class=\"wp-block-button__link has-ast-global-color-5-color has-ast-global-color-0-background-color has-text-color has-background has-link-color has-text-align-center wp-element-button\" href=\"https:\/\/mavoisinecuisine.com\/index.php\/contact\/\" style=\"border-style:none;border-width:0px;border-radius:100px\" target=\"_blank\" rel=\"noreferrer noopener\">Contactez-moi vite<\/a><\/div>\n<\/div>\n\n\n\n<p class=\"has-medium-font-size\" style=\"line-height:1.4\">Retrouvez-moi aussi parmi les <a href=\"https:\/\/www.collonges-sous-saleve.fr\/commerces\" target=\"_blank\" rel=\"noreferrer noopener\">commer\u00e7ants de Collonges-sous-Sal\u00e8ve<\/a><br><\/p>\n<\/div>\n<\/div>\n\n\n\n<p><\/p>\n","protected":false},"excerpt":{"rendered":"<p>Je m\u2019appelle Julie Grosz, je suis maman de deux enfants et j&rsquo;habite \u00e0 Collonges-sous-Sal\u00e8ve. Depuis mon plus jeune \u00e2ge, j\u2019ai pour passion la cuisine, c\u2019est pourquoi j\u2019ai effectu\u00e9 toutes mes \u00e9tudes dans l\u2019h\u00f4tellerie et la restauration \u00e0 Paris. J\u2019ai ensuite b\u00e2ti mes exp\u00e9riences professionnelles entre Paris, Auckland (NZ) et Gen\u00e8ve. Avec mon travail et mes [&hellip;]<\/p>\n","protected":false},"author":2,"featured_media":0,"parent":0,"menu_order":0,"comment_status":"closed","ping_status":"closed","template":"","meta":{"site-sidebar-layout":"default","site-content-layout":"","ast-site-content-layout":"default","site-content-style":"default","site-sidebar-style":"default","ast-global-header-display":"","ast-banner-title-visibility":"","ast-main-header-display":"","ast-hfb-above-header-display":"","ast-hfb-below-header-display":"","ast-hfb-mobile-header-display":"","site-post-title":"","ast-breadcrumbs-content":"","ast-featured-img":"","footer-sml-layout":"","ast-disable-related-posts":"","theme-transparent-header-meta":"","adv-header-id-meta":"","stick-header-meta":"","header-above-stick-meta":"","header-main-stick-meta":"","header-below-stick-meta":"","astra-migrate-meta-layouts":"default","ast-page-background-enabled":"default","ast-page-background-meta":{"desktop":{"background-color":"var(--ast-global-color-4)","background-image":"","background-repeat":"repeat","background-position":"center center","background-size":"auto","background-attachment":"scroll","background-type":"","background-media":"","overlay-type":"","overlay-color":"","overlay-opacity":"","overlay-gradient":""},"tablet":{"background-color":"","background-image":"","background-repeat":"repeat","background-position":"center center","background-size":"auto","background-attachment":"scroll","background-type":"","background-media":"","overlay-type":"","overlay-color":"","overlay-opacity":"","overlay-gradient":""},"mobile":{"background-color":"","background-image":"","background-repeat":"repeat","background-position":"center center","background-size":"auto","background-attachment":"scroll","background-type":"","background-media":"","overlay-type":"","overlay-color":"","overlay-opacity":"","overlay-gradient":""}},"ast-content-background-meta":{"desktop":{"background-color":"var(--ast-global-color-5)","background-image":"","background-repeat":"repeat","background-position":"center center","background-size":"auto","background-attachment":"scroll","background-type":"","background-media":"","overlay-type":"","overlay-color":"","overlay-opacity":"","overlay-gradient":""},"tablet":{"background-color":"var(--ast-global-color-5)","background-image":"","background-repeat":"repeat","background-position":"center center","background-size":"auto","background-attachment":"scroll","background-type":"","background-media":"","overlay-type":"","overlay-color":"","overlay-opacity":"","overlay-gradient":""},"mobile":{"background-color":"var(--ast-global-color-5)","background-image":"","background-repeat":"repeat","background-position":"center center","background-size":"auto","background-attachment":"scroll","background-type":"","background-media":"","overlay-type":"","overlay-color":"","overlay-opacity":"","overlay-gradient":""}},"footnotes":""},"class_list":["post-2290","page","type-page","status-publish","hentry"],"yoast_head":"<!-- This site is optimized with the Yoast SEO plugin v27.4 - https:\/\/yoast.com\/product\/yoast-seo-wordpress\/ -->\n<title>Ma Voisine Cuisine : Qui suis-je ?<\/title>\n<meta name=\"description\" content=\"Je m&#039;appelle Julie Grosz, f\u00e9rue de cuisine saine et d&#039;organisation : mes services de Batch Cooking en Haute-Savoie et sur Gen\u00e8ve pour vous faciliter la vie\" \/>\n<meta name=\"robots\" content=\"index, follow, max-snippet:-1, max-image-preview:large, max-video-preview:-1\" \/>\n<link rel=\"canonical\" href=\"https:\/\/mavoisinecuisine.com\/index.php\/qui-suis-je\/\" \/>\n<meta property=\"og:locale\" content=\"fr_FR\" \/>\n<meta property=\"og:type\" content=\"article\" \/>\n<meta property=\"og:title\" content=\"Ma Voisine Cuisine : Qui suis-je ?\" \/>\n<meta property=\"og:description\" content=\"Je m&#039;appelle Julie Grosz, f\u00e9rue de cuisine saine et d&#039;organisation : mes services de Batch Cooking en Haute-Savoie et sur Gen\u00e8ve pour vous faciliter la vie\" \/>\n<meta property=\"og:url\" content=\"https:\/\/mavoisinecuisine.com\/index.php\/qui-suis-je\/\" \/>\n<meta property=\"og:site_name\" content=\"Ma Voisine Cuisine\" \/>\n<meta property=\"article:publisher\" content=\"https:\/\/www.facebook.com\/mavoisinecuisine\" \/>\n<meta property=\"article:modified_time\" content=\"2025-02-15T20:33:48+00:00\" \/>\n<meta property=\"og:image\" content=\"https:\/\/mavoisinecuisine.com\/wp-content\/uploads\/2023\/11\/G_Grosz_aont_2023_BD_DSC08424-e1739474246601.jpg\" \/>\n\t<meta property=\"og:image:width\" content=\"1333\" \/>\n\t<meta property=\"og:image:height\" content=\"1533\" \/>\n\t<meta property=\"og:image:type\" content=\"image\/jpeg\" \/>\n<meta name=\"twitter:card\" content=\"summary_large_image\" \/>\n<meta name=\"twitter:label1\" content=\"Dur\u00e9e de lecture estim\u00e9e\" \/>\n\t<meta name=\"twitter:data1\" content=\"2 minutes\" \/>\n<script type=\"application\/ld+json\" class=\"yoast-schema-graph\">{\"@context\":\"https:\\\/\\\/schema.org\",\"@graph\":[{\"@type\":\"WebPage\",\"@id\":\"https:\\\/\\\/mavoisinecuisine.com\\\/index.php\\\/qui-suis-je\\\/\",\"url\":\"https:\\\/\\\/mavoisinecuisine.com\\\/index.php\\\/qui-suis-je\\\/\",\"name\":\"Ma Voisine Cuisine : Qui suis-je ?\",\"isPartOf\":{\"@id\":\"https:\\\/\\\/mavoisinecuisine.com\\\/#website\"},\"primaryImageOfPage\":{\"@id\":\"https:\\\/\\\/mavoisinecuisine.com\\\/index.php\\\/qui-suis-je\\\/#primaryimage\"},\"image\":{\"@id\":\"https:\\\/\\\/mavoisinecuisine.com\\\/index.php\\\/qui-suis-je\\\/#primaryimage\"},\"thumbnailUrl\":\"https:\\\/\\\/mavoisinecuisine.com\\\/wp-content\\\/uploads\\\/2023\\\/11\\\/G_Grosz_aont_2023_BD_DSC08424-e1739474246601-890x1024.jpg\",\"datePublished\":\"2025-02-13T18:38:33+00:00\",\"dateModified\":\"2025-02-15T20:33:48+00:00\",\"description\":\"Je m'appelle Julie Grosz, f\u00e9rue de cuisine saine et d'organisation : mes services de Batch Cooking en Haute-Savoie et sur Gen\u00e8ve pour vous faciliter la vie\",\"breadcrumb\":{\"@id\":\"https:\\\/\\\/mavoisinecuisine.com\\\/index.php\\\/qui-suis-je\\\/#breadcrumb\"},\"inLanguage\":\"fr-FR\",\"potentialAction\":[{\"@type\":\"ReadAction\",\"target\":[\"https:\\\/\\\/mavoisinecuisine.com\\\/index.php\\\/qui-suis-je\\\/\"]}]},{\"@type\":\"ImageObject\",\"inLanguage\":\"fr-FR\",\"@id\":\"https:\\\/\\\/mavoisinecuisine.com\\\/index.php\\\/qui-suis-je\\\/#primaryimage\",\"url\":\"https:\\\/\\\/mavoisinecuisine.com\\\/wp-content\\\/uploads\\\/2023\\\/11\\\/G_Grosz_aont_2023_BD_DSC08424-e1739474246601.jpg\",\"contentUrl\":\"https:\\\/\\\/mavoisinecuisine.com\\\/wp-content\\\/uploads\\\/2023\\\/11\\\/G_Grosz_aont_2023_BD_DSC08424-e1739474246601.jpg\",\"width\":1333,\"height\":1533},{\"@type\":\"BreadcrumbList\",\"@id\":\"https:\\\/\\\/mavoisinecuisine.com\\\/index.php\\\/qui-suis-je\\\/#breadcrumb\",\"itemListElement\":[{\"@type\":\"ListItem\",\"position\":1,\"name\":\"Accueil\",\"item\":\"https:\\\/\\\/mavoisinecuisine.com\\\/\"},{\"@type\":\"ListItem\",\"position\":2,\"name\":\"Qui suis-je ?\"}]},{\"@type\":\"WebSite\",\"@id\":\"https:\\\/\\\/mavoisinecuisine.com\\\/#website\",\"url\":\"https:\\\/\\\/mavoisinecuisine.com\\\/\",\"name\":\"ma voisine cuisine\",\"description\":\"Batch Cooking | Haute-Savoie, Gen\u00e8ve et alentours\",\"publisher\":{\"@id\":\"https:\\\/\\\/mavoisinecuisine.com\\\/#organization\"},\"potentialAction\":[{\"@type\":\"SearchAction\",\"target\":{\"@type\":\"EntryPoint\",\"urlTemplate\":\"https:\\\/\\\/mavoisinecuisine.com\\\/?s={search_term_string}\"},\"query-input\":{\"@type\":\"PropertyValueSpecification\",\"valueRequired\":true,\"valueName\":\"search_term_string\"}}],\"inLanguage\":\"fr-FR\"},{\"@type\":\"Organization\",\"@id\":\"https:\\\/\\\/mavoisinecuisine.com\\\/#organization\",\"name\":\"Ma voisine cuisine\",\"url\":\"https:\\\/\\\/mavoisinecuisine.com\\\/\",\"logo\":{\"@type\":\"ImageObject\",\"inLanguage\":\"fr-FR\",\"@id\":\"https:\\\/\\\/mavoisinecuisine.com\\\/#\\\/schema\\\/logo\\\/image\\\/\",\"url\":\"https:\\\/\\\/mavoisinecuisine.com\\\/wp-content\\\/uploads\\\/2023\\\/11\\\/cropped-cropped-Logo_mavoisinecuisine_transparent-01.png\",\"contentUrl\":\"https:\\\/\\\/mavoisinecuisine.com\\\/wp-content\\\/uploads\\\/2023\\\/11\\\/cropped-cropped-Logo_mavoisinecuisine_transparent-01.png\",\"width\":1768,\"height\":1768,\"caption\":\"Ma voisine cuisine\"},\"image\":{\"@id\":\"https:\\\/\\\/mavoisinecuisine.com\\\/#\\\/schema\\\/logo\\\/image\\\/\"},\"sameAs\":[\"https:\\\/\\\/www.facebook.com\\\/mavoisinecuisine\",\"https:\\\/\\\/www.instagram.com\\\/ma_voisine_cuisine\\\/\"]}]}<\/script>\n<!-- \/ Yoast SEO plugin. -->","yoast_head_json":{"title":"Ma Voisine Cuisine : Qui suis-je ?","description":"Je m'appelle Julie Grosz, f\u00e9rue de cuisine saine et d'organisation : mes services de Batch Cooking en Haute-Savoie et sur Gen\u00e8ve pour vous faciliter la vie","robots":{"index":"index","follow":"follow","max-snippet":"max-snippet:-1","max-image-preview":"max-image-preview:large","max-video-preview":"max-video-preview:-1"},"canonical":"https:\/\/mavoisinecuisine.com\/index.php\/qui-suis-je\/","og_locale":"fr_FR","og_type":"article","og_title":"Ma Voisine Cuisine : Qui suis-je ?","og_description":"Je m'appelle Julie Grosz, f\u00e9rue de cuisine saine et d'organisation : mes services de Batch Cooking en Haute-Savoie et sur Gen\u00e8ve pour vous faciliter la vie","og_url":"https:\/\/mavoisinecuisine.com\/index.php\/qui-suis-je\/","og_site_name":"Ma Voisine Cuisine","article_publisher":"https:\/\/www.facebook.com\/mavoisinecuisine","article_modified_time":"2025-02-15T20:33:48+00:00","og_image":[{"width":1333,"height":1533,"url":"https:\/\/mavoisinecuisine.com\/wp-content\/uploads\/2023\/11\/G_Grosz_aont_2023_BD_DSC08424-e1739474246601.jpg","type":"image\/jpeg"}],"twitter_card":"summary_large_image","twitter_misc":{"Dur\u00e9e de lecture estim\u00e9e":"2 minutes"},"schema":{"@context":"https:\/\/schema.org","@graph":[{"@type":"WebPage","@id":"https:\/\/mavoisinecuisine.com\/index.php\/qui-suis-je\/","url":"https:\/\/mavoisinecuisine.com\/index.php\/qui-suis-je\/","name":"Ma Voisine Cuisine : Qui suis-je ?","isPartOf":{"@id":"https:\/\/mavoisinecuisine.com\/#website"},"primaryImageOfPage":{"@id":"https:\/\/mavoisinecuisine.com\/index.php\/qui-suis-je\/#primaryimage"},"image":{"@id":"https:\/\/mavoisinecuisine.com\/index.php\/qui-suis-je\/#primaryimage"},"thumbnailUrl":"https:\/\/mavoisinecuisine.com\/wp-content\/uploads\/2023\/11\/G_Grosz_aont_2023_BD_DSC08424-e1739474246601-890x1024.jpg","datePublished":"2025-02-13T18:38:33+00:00","dateModified":"2025-02-15T20:33:48+00:00","description":"Je m'appelle Julie Grosz, f\u00e9rue de cuisine saine et d'organisation : mes services de Batch Cooking en Haute-Savoie et sur Gen\u00e8ve pour vous faciliter la vie","breadcrumb":{"@id":"https:\/\/mavoisinecuisine.com\/index.php\/qui-suis-je\/#breadcrumb"},"inLanguage":"fr-FR","potentialAction":[{"@type":"ReadAction","target":["https:\/\/mavoisinecuisine.com\/index.php\/qui-suis-je\/"]}]},{"@type":"ImageObject","inLanguage":"fr-FR","@id":"https:\/\/mavoisinecuisine.com\/index.php\/qui-suis-je\/#primaryimage","url":"https:\/\/mavoisinecuisine.com\/wp-content\/uploads\/2023\/11\/G_Grosz_aont_2023_BD_DSC08424-e1739474246601.jpg","contentUrl":"https:\/\/mavoisinecuisine.com\/wp-content\/uploads\/2023\/11\/G_Grosz_aont_2023_BD_DSC08424-e1739474246601.jpg","width":1333,"height":1533},{"@type":"BreadcrumbList","@id":"https:\/\/mavoisinecuisine.com\/index.php\/qui-suis-je\/#breadcrumb","itemListElement":[{"@type":"ListItem","position":1,"name":"Accueil","item":"https:\/\/mavoisinecuisine.com\/"},{"@type":"ListItem","position":2,"name":"Qui suis-je ?"}]},{"@type":"WebSite","@id":"https:\/\/mavoisinecuisine.com\/#website","url":"https:\/\/mavoisinecuisine.com\/","name":"ma voisine cuisine","description":"Batch Cooking | Haute-Savoie, Gen\u00e8ve et alentours","publisher":{"@id":"https:\/\/mavoisinecuisine.com\/#organization"},"potentialAction":[{"@type":"SearchAction","target":{"@type":"EntryPoint","urlTemplate":"https:\/\/mavoisinecuisine.com\/?s={search_term_string}"},"query-input":{"@type":"PropertyValueSpecification","valueRequired":true,"valueName":"search_term_string"}}],"inLanguage":"fr-FR"},{"@type":"Organization","@id":"https:\/\/mavoisinecuisine.com\/#organization","name":"Ma voisine cuisine","url":"https:\/\/mavoisinecuisine.com\/","logo":{"@type":"ImageObject","inLanguage":"fr-FR","@id":"https:\/\/mavoisinecuisine.com\/#\/schema\/logo\/image\/","url":"https:\/\/mavoisinecuisine.com\/wp-content\/uploads\/2023\/11\/cropped-cropped-Logo_mavoisinecuisine_transparent-01.png","contentUrl":"https:\/\/mavoisinecuisine.com\/wp-content\/uploads\/2023\/11\/cropped-cropped-Logo_mavoisinecuisine_transparent-01.png","width":1768,"height":1768,"caption":"Ma voisine cuisine"},"image":{"@id":"https:\/\/mavoisinecuisine.com\/#\/schema\/logo\/image\/"},"sameAs":["https:\/\/www.facebook.com\/mavoisinecuisine","https:\/\/www.instagram.com\/ma_voisine_cuisine\/"]}]}},"_links":{"self":[{"href":"https:\/\/mavoisinecuisine.com\/index.php\/wp-json\/wp\/v2\/pages\/2290","targetHints":{"allow":["GET"]}}],"collection":[{"href":"https:\/\/mavoisinecuisine.com\/index.php\/wp-json\/wp\/v2\/pages"}],"about":[{"href":"https:\/\/mavoisinecuisine.com\/index.php\/wp-json\/wp\/v2\/types\/page"}],"author":[{"embeddable":true,"href":"https:\/\/mavoisinecuisine.com\/index.php\/wp-json\/wp\/v2\/users\/2"}],"replies":[{"embeddable":true,"href":"https:\/\/mavoisinecuisine.com\/index.php\/wp-json\/wp\/v2\/comments?post=2290"}],"version-history":[{"count":19,"href":"https:\/\/mavoisinecuisine.com\/index.php\/wp-json\/wp\/v2\/pages\/2290\/revisions"}],"predecessor-version":[{"id":2451,"href":"https:\/\/mavoisinecuisine.com\/index.php\/wp-json\/wp\/v2\/pages\/2290\/revisions\/2451"}],"wp:attachment":[{"href":"https:\/\/mavoisinecuisine.com\/index.php\/wp-json\/wp\/v2\/media?parent=2290"}],"curies":[{"name":"wp","href":"https:\/\/api.w.org\/{rel}","templated":true}]}}