{"id":2171,"date":"2025-02-08T19:06:30","date_gmt":"2025-02-08T18:06:30","guid":{"rendered":"https:\/\/mavoisinecuisine.com\/?page_id=2171"},"modified":"2025-02-13T10:58:35","modified_gmt":"2025-02-13T09:58:35","slug":"politique-de-confidentialite","status":"publish","type":"page","link":"https:\/\/mavoisinecuisine.com\/index.php\/politique-de-confidentialite\/","title":{"rendered":"Politique de confidentialit\u00e9"},"content":{"rendered":"\n<h2 class=\"wp-block-heading\">Qui sommes-nous&nbsp;?<\/h2>\n\n\n\n<p>L\u2019adresse de notre site est&nbsp;: https:\/\/mavoisinecuisine.com.<\/p>\n\n\n\n<h2 class=\"wp-block-heading\">Commentaires<\/h2>\n\n\n\n<p>Si vous laissez un commentaire sur notre site, les donn\u00e9es inscrites dans le formulaire de commentaire, ainsi que votre adresse IP et l\u2019agent utilisateur de votre navigateur sont collect\u00e9s pour nous aider \u00e0 la d\u00e9tection des commentaires ind\u00e9sirables.<\/p>\n\n\n\n<p>Une cha\u00eene anonymis\u00e9e cr\u00e9\u00e9e \u00e0 partir de votre adresse e-mail (\u00e9galement appel\u00e9e hash) peut \u00eatre envoy\u00e9e au service Gravatar. Cela permet de v\u00e9rifier si vous utilisez ce dernier. Les clauses de confidentialit\u00e9 du service Gravatar sont disponibles ici : https:\/\/automattic.com\/privacy\/. <\/p>\n\n\n\n<p>Notons que votre photo de profil sera visible publiquement \u00e0 cot\u00e9 de votre commentaire, une fois ce dernier valid\u00e9.<\/p>\n\n\n\n<p><\/p>\n\n\n\n<h2 class=\"wp-block-heading\">M\u00e9dias<\/h2>\n\n\n\n<p>Si vous t\u00e9l\u00e9versez des images sur le site, nous vous conseillons d\u2019\u00e9viter de t\u00e9l\u00e9verser des images contenant des donn\u00e9es EXIF de coordonn\u00e9es GPS. Les personnes visitant votre site peuvent t\u00e9l\u00e9charger et extraire des donn\u00e9es de localisation depuis ces images.<\/p>\n\n\n\n<h2 class=\"wp-block-heading\">Cookies<\/h2>\n\n\n\n<p>Si vous d\u00e9posez un commentaire sur notre site, vous pourrez enregistrer vos nom, adresse e-mail et site dans des cookies. C\u2019est uniquement pour votre confort. En effet, vous n&rsquo;aurez pas \u00e0 les saisir de nouveau pour tout d\u00e9p\u00f4t de commentaire ult\u00e9rieur. Il faut souligner que ces cookies expirent au bout d\u2019un an.<\/p>\n\n\n\n<p>En allant sur la page de connexion, un cookie temporaire est cr\u00e9\u00e9 pour d\u00e9terminer si votre navigateur accepte les cookies. Il ne contient pas de donn\u00e9es personnelles. Notons qu&rsquo;il sera supprim\u00e9 automatiquement \u00e0 la fermeture de votre navigateur.<\/p>\n\n\n\n<p>Ainsi, lorsque vous vous connecterez, un certain nombre de cookies enregistreront vos informations de connexion et vos pr\u00e9f\u00e9rences d\u2019\u00e9cran. La dur\u00e9e de vie d\u2019un cookie de connexion est de deux jours, celle d\u2019un cookie d\u2019option d\u2019\u00e9cran est d\u2019un an. En cochant \u00ab&nbsp;<em>Se souvenir de moi<\/em>&nbsp;\u00bb, votre cookie de connexion sera conserv\u00e9 pendant deux semaines. Mais le cookie de connexion sera effac\u00e9 lors de la d\u00e9connection.<\/p>\n\n\n\n<p>De plus, un cookie suppl\u00e9mentaire sera enregistr\u00e9 dans votre navigateur pour toute modification ou publication. Ce cookie ne comprend aucune donn\u00e9e personnelle. Il indique simplement l\u2019ID de la publication que vous venez de modifier. Il expire au bout d\u2019un jour.<\/p>\n\n\n\n<h2 class=\"wp-block-heading\">Contenu embarqu\u00e9 depuis d\u2019autres sites<\/h2>\n\n\n\n<p>Les articles de ce site peuvent inclure des contenus int\u00e9gr\u00e9s (exemple : vid\u00e9os, images, articles\u2026). Le contenu int\u00e9gr\u00e9 depuis d\u2019autres sites se comporte de la m\u00eame mani\u00e8re que si le visiteur se rendait sur cet autre site.<\/p>\n\n\n\n<p>Ces sites web pourraient collecter des donn\u00e9es sur vous, utiliser des cookies, embarquer des outils de suivis tiers, suivre vos interactions avec ces contenus embarqu\u00e9s si vous disposez d\u2019un compte connect\u00e9 sur leur site web.<\/p>\n\n\n\n<h2 class=\"wp-block-heading\">Utilisation et transmission de vos donn\u00e9es personnelles<\/h2>\n\n\n\n<p>Si vous demandez une r\u00e9initialisation de votre mot de passe, votre adresse IP sera incluse dans l\u2019e-mail de r\u00e9initialisation.<\/p>\n\n\n\n<h2 class=\"wp-block-heading\">Dur\u00e9es de stockage de vos donn\u00e9es<\/h2>\n\n\n\n<p>En laissant un commentaire, le commentaire et ses m\u00e9tadonn\u00e9es sont conserv\u00e9s ind\u00e9finiment. Ainsi vos commentaires suivants seront reconnus et approuv\u00e9s automatiquement (au lieu de les laisser dans la file de mod\u00e9ration).<\/p>\n\n\n\n<p>Pour les comptes qui s\u2019inscrivent sur notre site (le cas \u00e9ch\u00e9ant), nous stockons \u00e9galement les donn\u00e9es personnelles indiqu\u00e9es dans leur profil. Tous les comptes peuvent voir, modifier ou supprimer leurs informations personnelles \u00e0 tout moment (\u00e0 l\u2019exception de leur identifiant). Les gestionnaires du site peuvent aussi voir et modifier ces informations.<\/p>\n\n\n\n<h2 class=\"wp-block-heading\">Vos droits sur vos donn\u00e9es<\/h2>\n\n\n\n<p>Si vous avez un compte ou si vous avez laiss\u00e9 des commentaires sur le site, vous pouvez demander \u00e0 recevoir un fichier contenant toutes les donn\u00e9es personnelles que nous poss\u00e9dons \u00e0 votre sujet, incluant celles que vous nous avez fournies. Vous pouvez \u00e9galement demander la suppression des donn\u00e9es personnelles vous concernant. Cela ne prend pas en compte les donn\u00e9es stock\u00e9es \u00e0 des fins administratives, l\u00e9gales ou pour des raisons de s\u00e9curit\u00e9.<\/p>\n\n\n\n<h2 class=\"wp-block-heading\">O\u00f9 vos donn\u00e9es sont envoy\u00e9es<\/h2>\n\n\n\n<p>Un service automatis\u00e9 de d\u00e9tection des commentaires ind\u00e9sirables peut v\u00e9rifier les commentaires des visiteurs.<\/p>\n\n\n\n<p><\/p>\n","protected":false},"excerpt":{"rendered":"<p>Qui sommes-nous&nbsp;? L\u2019adresse de notre site est&nbsp;: https:\/\/mavoisinecuisine.com. Commentaires Si vous laissez un commentaire sur notre site, les donn\u00e9es inscrites dans le formulaire de commentaire, ainsi que votre adresse IP et l\u2019agent utilisateur de votre navigateur sont collect\u00e9s pour nous aider \u00e0 la d\u00e9tection des commentaires ind\u00e9sirables. Une cha\u00eene anonymis\u00e9e cr\u00e9\u00e9e \u00e0 partir de votre [&hellip;]<\/p>\n","protected":false},"author":2,"featured_media":0,"parent":0,"menu_order":0,"comment_status":"closed","ping_status":"closed","template":"","meta":{"site-sidebar-layout":"default","site-content-layout":"","ast-site-content-layout":"","site-content-style":"default","site-sidebar-style":"default","ast-global-header-display":"","ast-banner-title-visibility":"","ast-main-header-display":"","ast-hfb-above-header-display":"","ast-hfb-below-header-display":"","ast-hfb-mobile-header-display":"","site-post-title":"","ast-breadcrumbs-content":"","ast-featured-img":"","footer-sml-layout":"","ast-disable-related-posts":"","theme-transparent-header-meta":"","adv-header-id-meta":"","stick-header-meta":"","header-above-stick-meta":"","header-main-stick-meta":"","header-below-stick-meta":"","astra-migrate-meta-layouts":"default","ast-page-background-enabled":"default","ast-page-background-meta":{"desktop":{"background-color":"var(--ast-global-color-4)","background-image":"","background-repeat":"repeat","background-position":"center center","background-size":"auto","background-attachment":"scroll","background-type":"","background-media":"","overlay-type":"","overlay-color":"","overlay-opacity":"","overlay-gradient":""},"tablet":{"background-color":"","background-image":"","background-repeat":"repeat","background-position":"center center","background-size":"auto","background-attachment":"scroll","background-type":"","background-media":"","overlay-type":"","overlay-color":"","overlay-opacity":"","overlay-gradient":""},"mobile":{"background-color":"","background-image":"","background-repeat":"repeat","background-position":"center center","background-size":"auto","background-attachment":"scroll","background-type":"","background-media":"","overlay-type":"","overlay-color":"","overlay-opacity":"","overlay-gradient":""}},"ast-content-background-meta":{"desktop":{"background-color":"var(--ast-global-color-5)","background-image":"","background-repeat":"repeat","background-position":"center center","background-size":"auto","background-attachment":"scroll","background-type":"","background-media":"","overlay-type":"","overlay-color":"","overlay-opacity":"","overlay-gradient":""},"tablet":{"background-color":"var(--ast-global-color-5)","background-image":"","background-repeat":"repeat","background-position":"center center","background-size":"auto","background-attachment":"scroll","background-type":"","background-media":"","overlay-type":"","overlay-color":"","overlay-opacity":"","overlay-gradient":""},"mobile":{"background-color":"var(--ast-global-color-5)","background-image":"","background-repeat":"repeat","background-position":"center center","background-size":"auto","background-attachment":"scroll","background-type":"","background-media":"","overlay-type":"","overlay-color":"","overlay-opacity":"","overlay-gradient":""}},"footnotes":""},"class_list":["post-2171","page","type-page","status-publish","hentry"],"yoast_head":"<!-- This site is optimized with the Yoast SEO plugin v27.4 - https:\/\/yoast.com\/product\/yoast-seo-wordpress\/ -->\n<title>Politique de confidentialit\u00e9 - Ma Voisine Cuisine<\/title>\n<meta name=\"description\" content=\"Retrouvez ici toutes les informations relatives \u00e0 la politique de confidentialit\u00e9 de votre service de batch cooking.\" \/>\n<meta name=\"robots\" content=\"index, follow, max-snippet:-1, max-image-preview:large, max-video-preview:-1\" \/>\n<link rel=\"canonical\" href=\"https:\/\/mavoisinecuisine.com\/index.php\/politique-de-confidentialite\/\" \/>\n<meta property=\"og:locale\" content=\"fr_FR\" \/>\n<meta property=\"og:type\" content=\"article\" \/>\n<meta property=\"og:title\" content=\"Politique de confidentialit\u00e9 - Ma Voisine Cuisine\" \/>\n<meta property=\"og:description\" content=\"Retrouvez ici toutes les informations relatives \u00e0 la politique de confidentialit\u00e9 de votre service de batch cooking.\" \/>\n<meta property=\"og:url\" content=\"https:\/\/mavoisinecuisine.com\/index.php\/politique-de-confidentialite\/\" \/>\n<meta property=\"og:site_name\" content=\"Ma Voisine Cuisine\" \/>\n<meta property=\"article:publisher\" content=\"https:\/\/www.facebook.com\/mavoisinecuisine\" \/>\n<meta property=\"article:modified_time\" content=\"2025-02-13T09:58:35+00:00\" \/>\n<meta name=\"twitter:card\" content=\"summary_large_image\" \/>\n<meta name=\"twitter:label1\" content=\"Dur\u00e9e de lecture estim\u00e9e\" \/>\n\t<meta name=\"twitter:data1\" content=\"4 minutes\" \/>\n<script type=\"application\/ld+json\" class=\"yoast-schema-graph\">{\"@context\":\"https:\\\/\\\/schema.org\",\"@graph\":[{\"@type\":\"WebPage\",\"@id\":\"https:\\\/\\\/mavoisinecuisine.com\\\/index.php\\\/politique-de-confidentialite\\\/\",\"url\":\"https:\\\/\\\/mavoisinecuisine.com\\\/index.php\\\/politique-de-confidentialite\\\/\",\"name\":\"Politique de confidentialit\u00e9 - Ma Voisine Cuisine\",\"isPartOf\":{\"@id\":\"https:\\\/\\\/mavoisinecuisine.com\\\/#website\"},\"datePublished\":\"2025-02-08T18:06:30+00:00\",\"dateModified\":\"2025-02-13T09:58:35+00:00\",\"description\":\"Retrouvez ici toutes les informations relatives \u00e0 la politique de confidentialit\u00e9 de votre service de batch cooking.\",\"breadcrumb\":{\"@id\":\"https:\\\/\\\/mavoisinecuisine.com\\\/index.php\\\/politique-de-confidentialite\\\/#breadcrumb\"},\"inLanguage\":\"fr-FR\",\"potentialAction\":[{\"@type\":\"ReadAction\",\"target\":[\"https:\\\/\\\/mavoisinecuisine.com\\\/index.php\\\/politique-de-confidentialite\\\/\"]}]},{\"@type\":\"BreadcrumbList\",\"@id\":\"https:\\\/\\\/mavoisinecuisine.com\\\/index.php\\\/politique-de-confidentialite\\\/#breadcrumb\",\"itemListElement\":[{\"@type\":\"ListItem\",\"position\":1,\"name\":\"Accueil\",\"item\":\"https:\\\/\\\/mavoisinecuisine.com\\\/\"},{\"@type\":\"ListItem\",\"position\":2,\"name\":\"Politique de confidentialit\u00e9\"}]},{\"@type\":\"WebSite\",\"@id\":\"https:\\\/\\\/mavoisinecuisine.com\\\/#website\",\"url\":\"https:\\\/\\\/mavoisinecuisine.com\\\/\",\"name\":\"ma voisine cuisine\",\"description\":\"Batch Cooking | Haute-Savoie, Gen\u00e8ve et alentours\",\"publisher\":{\"@id\":\"https:\\\/\\\/mavoisinecuisine.com\\\/#organization\"},\"potentialAction\":[{\"@type\":\"SearchAction\",\"target\":{\"@type\":\"EntryPoint\",\"urlTemplate\":\"https:\\\/\\\/mavoisinecuisine.com\\\/?s={search_term_string}\"},\"query-input\":{\"@type\":\"PropertyValueSpecification\",\"valueRequired\":true,\"valueName\":\"search_term_string\"}}],\"inLanguage\":\"fr-FR\"},{\"@type\":\"Organization\",\"@id\":\"https:\\\/\\\/mavoisinecuisine.com\\\/#organization\",\"name\":\"Ma voisine cuisine\",\"url\":\"https:\\\/\\\/mavoisinecuisine.com\\\/\",\"logo\":{\"@type\":\"ImageObject\",\"inLanguage\":\"fr-FR\",\"@id\":\"https:\\\/\\\/mavoisinecuisine.com\\\/#\\\/schema\\\/logo\\\/image\\\/\",\"url\":\"https:\\\/\\\/mavoisinecuisine.com\\\/wp-content\\\/uploads\\\/2023\\\/11\\\/cropped-cropped-Logo_mavoisinecuisine_transparent-01.png\",\"contentUrl\":\"https:\\\/\\\/mavoisinecuisine.com\\\/wp-content\\\/uploads\\\/2023\\\/11\\\/cropped-cropped-Logo_mavoisinecuisine_transparent-01.png\",\"width\":1768,\"height\":1768,\"caption\":\"Ma voisine cuisine\"},\"image\":{\"@id\":\"https:\\\/\\\/mavoisinecuisine.com\\\/#\\\/schema\\\/logo\\\/image\\\/\"},\"sameAs\":[\"https:\\\/\\\/www.facebook.com\\\/mavoisinecuisine\",\"https:\\\/\\\/www.instagram.com\\\/ma_voisine_cuisine\\\/\"]}]}<\/script>\n<!-- \/ Yoast SEO plugin. -->","yoast_head_json":{"title":"Politique de confidentialit\u00e9 - Ma Voisine Cuisine","description":"Retrouvez ici toutes les informations relatives \u00e0 la politique de confidentialit\u00e9 de votre service de batch cooking.","robots":{"index":"index","follow":"follow","max-snippet":"max-snippet:-1","max-image-preview":"max-image-preview:large","max-video-preview":"max-video-preview:-1"},"canonical":"https:\/\/mavoisinecuisine.com\/index.php\/politique-de-confidentialite\/","og_locale":"fr_FR","og_type":"article","og_title":"Politique de confidentialit\u00e9 - Ma Voisine Cuisine","og_description":"Retrouvez ici toutes les informations relatives \u00e0 la politique de confidentialit\u00e9 de votre service de batch cooking.","og_url":"https:\/\/mavoisinecuisine.com\/index.php\/politique-de-confidentialite\/","og_site_name":"Ma Voisine Cuisine","article_publisher":"https:\/\/www.facebook.com\/mavoisinecuisine","article_modified_time":"2025-02-13T09:58:35+00:00","twitter_card":"summary_large_image","twitter_misc":{"Dur\u00e9e de lecture estim\u00e9e":"4 minutes"},"schema":{"@context":"https:\/\/schema.org","@graph":[{"@type":"WebPage","@id":"https:\/\/mavoisinecuisine.com\/index.php\/politique-de-confidentialite\/","url":"https:\/\/mavoisinecuisine.com\/index.php\/politique-de-confidentialite\/","name":"Politique de confidentialit\u00e9 - Ma Voisine Cuisine","isPartOf":{"@id":"https:\/\/mavoisinecuisine.com\/#website"},"datePublished":"2025-02-08T18:06:30+00:00","dateModified":"2025-02-13T09:58:35+00:00","description":"Retrouvez ici toutes les informations relatives \u00e0 la politique de confidentialit\u00e9 de votre service de batch cooking.","breadcrumb":{"@id":"https:\/\/mavoisinecuisine.com\/index.php\/politique-de-confidentialite\/#breadcrumb"},"inLanguage":"fr-FR","potentialAction":[{"@type":"ReadAction","target":["https:\/\/mavoisinecuisine.com\/index.php\/politique-de-confidentialite\/"]}]},{"@type":"BreadcrumbList","@id":"https:\/\/mavoisinecuisine.com\/index.php\/politique-de-confidentialite\/#breadcrumb","itemListElement":[{"@type":"ListItem","position":1,"name":"Accueil","item":"https:\/\/mavoisinecuisine.com\/"},{"@type":"ListItem","position":2,"name":"Politique de confidentialit\u00e9"}]},{"@type":"WebSite","@id":"https:\/\/mavoisinecuisine.com\/#website","url":"https:\/\/mavoisinecuisine.com\/","name":"ma voisine cuisine","description":"Batch Cooking | Haute-Savoie, Gen\u00e8ve et alentours","publisher":{"@id":"https:\/\/mavoisinecuisine.com\/#organization"},"potentialAction":[{"@type":"SearchAction","target":{"@type":"EntryPoint","urlTemplate":"https:\/\/mavoisinecuisine.com\/?s={search_term_string}"},"query-input":{"@type":"PropertyValueSpecification","valueRequired":true,"valueName":"search_term_string"}}],"inLanguage":"fr-FR"},{"@type":"Organization","@id":"https:\/\/mavoisinecuisine.com\/#organization","name":"Ma voisine cuisine","url":"https:\/\/mavoisinecuisine.com\/","logo":{"@type":"ImageObject","inLanguage":"fr-FR","@id":"https:\/\/mavoisinecuisine.com\/#\/schema\/logo\/image\/","url":"https:\/\/mavoisinecuisine.com\/wp-content\/uploads\/2023\/11\/cropped-cropped-Logo_mavoisinecuisine_transparent-01.png","contentUrl":"https:\/\/mavoisinecuisine.com\/wp-content\/uploads\/2023\/11\/cropped-cropped-Logo_mavoisinecuisine_transparent-01.png","width":1768,"height":1768,"caption":"Ma voisine cuisine"},"image":{"@id":"https:\/\/mavoisinecuisine.com\/#\/schema\/logo\/image\/"},"sameAs":["https:\/\/www.facebook.com\/mavoisinecuisine","https:\/\/www.instagram.com\/ma_voisine_cuisine\/"]}]}},"_links":{"self":[{"href":"https:\/\/mavoisinecuisine.com\/index.php\/wp-json\/wp\/v2\/pages\/2171","targetHints":{"allow":["GET"]}}],"collection":[{"href":"https:\/\/mavoisinecuisine.com\/index.php\/wp-json\/wp\/v2\/pages"}],"about":[{"href":"https:\/\/mavoisinecuisine.com\/index.php\/wp-json\/wp\/v2\/types\/page"}],"author":[{"embeddable":true,"href":"https:\/\/mavoisinecuisine.com\/index.php\/wp-json\/wp\/v2\/users\/2"}],"replies":[{"embeddable":true,"href":"https:\/\/mavoisinecuisine.com\/index.php\/wp-json\/wp\/v2\/comments?post=2171"}],"version-history":[{"count":7,"href":"https:\/\/mavoisinecuisine.com\/index.php\/wp-json\/wp\/v2\/pages\/2171\/revisions"}],"predecessor-version":[{"id":2258,"href":"https:\/\/mavoisinecuisine.com\/index.php\/wp-json\/wp\/v2\/pages\/2171\/revisions\/2258"}],"wp:attachment":[{"href":"https:\/\/mavoisinecuisine.com\/index.php\/wp-json\/wp\/v2\/media?parent=2171"}],"curies":[{"name":"wp","href":"https:\/\/api.w.org\/{rel}","templated":true}]}}