{"id":1994,"date":"2024-11-03T11:56:53","date_gmt":"2024-11-03T10:56:53","guid":{"rendered":"https:\/\/mavoisinecuisine.com\/?page_id=1994"},"modified":"2025-02-17T19:56:32","modified_gmt":"2025-02-17T18:56:32","slug":"carte-cadeau","status":"publish","type":"page","link":"https:\/\/mavoisinecuisine.com\/index.php\/carte-cadeau\/","title":{"rendered":"Carte cadeau"},"content":{"rendered":"\n<p style=\"font-size:36px\"><strong>Id\u00e9e cadeau<\/strong><\/p>\n\n\n\n<p class=\"has-black-color has-text-color has-link-color has-medium-font-size wp-elements-767414e7eeb1ac82f48c32d565fc641b\" style=\"line-height:1.4\">Vous cherchez un&nbsp;cadeau&nbsp;(individuel ou de groupe)&nbsp;<strong>tr\u00e8s original&nbsp;\u00e0 offrir<\/strong> ? N\u2019h\u00e9sitez plus :&nbsp;<strong>Offrez une s\u00e9ance de batch cooking&nbsp;!<\/strong> <br>Il vous suffit de contacter Ma Voisine Cuisine : ainsi vous pourrez d\u00e9finir combien de batch cooking vous souhaitez offrir. Julie vous transmettra ensuite votre carte cadeau (<a href=\"https:\/\/mavoisinecuisine.com\/index.php\/cgv\/\" target=\"_blank\" rel=\"noreferrer noopener\">voir les CGV ici<\/a>).<\/p>\n\n\n\n<p class=\"has-black-color has-text-color has-link-color has-medium-font-size wp-elements-cb661f62798453a0aaa9323309cb1bd9\">Et pourquoi pas vous <strong>faire offrir 1 session de batch cooking <\/strong>\ud83d\ude09 ?<\/p>\n\n\n\n<p style=\"font-size:20px;line-height:1.4\">En plus, les frais de d\u00e9placement sont <strong>gratuits <\/strong>dans un rayon de 10 km autour de Collonges-sous-Sal\u00e8ve, donc Gen\u00e8ve y compris !<br><a href=\"https:\/\/mavoisinecuisine.com\/index.php\/contact\/\">En savoir plus sur les communes concern\u00e9es.<\/a><\/p>\n\n\n\n<div class=\"wp-block-columns is-layout-flex wp-container-core-columns-is-layout-28f84493 wp-block-columns-is-layout-flex\">\n<div class=\"wp-block-column is-layout-flow wp-block-column-is-layout-flow\">\n<figure data-wp-context=\"{&quot;imageId&quot;:&quot;69e35a408c7b5&quot;}\" data-wp-interactive=\"core\/image\" data-wp-key=\"69e35a408c7b5\" class=\"wp-block-image size-large wp-lightbox-container\"><img fetchpriority=\"high\" decoding=\"async\" width=\"1024\" height=\"726\" data-wp-class--hide=\"state.isContentHidden\" data-wp-class--show=\"state.isContentVisible\" data-wp-init=\"callbacks.setButtonStyles\" data-wp-on--click=\"actions.showLightbox\" data-wp-on--load=\"callbacks.setButtonStyles\" data-wp-on-window--resize=\"callbacks.setButtonStyles\" src=\"https:\/\/mavoisinecuisine.com\/wp-content\/uploads\/2024\/05\/2024.05.28-carte-cadeau_p1-1024x726.jpg\" alt=\"\" class=\"wp-image-1663\" srcset=\"https:\/\/mavoisinecuisine.com\/wp-content\/uploads\/2024\/05\/2024.05.28-carte-cadeau_p1-1024x726.jpg 1024w, https:\/\/mavoisinecuisine.com\/wp-content\/uploads\/2024\/05\/2024.05.28-carte-cadeau_p1-300x213.jpg 300w, https:\/\/mavoisinecuisine.com\/wp-content\/uploads\/2024\/05\/2024.05.28-carte-cadeau_p1-768x545.jpg 768w, https:\/\/mavoisinecuisine.com\/wp-content\/uploads\/2024\/05\/2024.05.28-carte-cadeau_p1-1536x1090.jpg 1536w, https:\/\/mavoisinecuisine.com\/wp-content\/uploads\/2024\/05\/2024.05.28-carte-cadeau_p1.jpg 1748w\" sizes=\"(max-width: 1024px) 100vw, 1024px\" \/><button\n\t\t\tclass=\"lightbox-trigger\"\n\t\t\ttype=\"button\"\n\t\t\taria-haspopup=\"dialog\"\n\t\t\taria-label=\"Agrandir\"\n\t\t\tdata-wp-init=\"callbacks.initTriggerButton\"\n\t\t\tdata-wp-on--click=\"actions.showLightbox\"\n\t\t\tdata-wp-style--right=\"state.imageButtonRight\"\n\t\t\tdata-wp-style--top=\"state.imageButtonTop\"\n\t\t>\n\t\t\t<svg xmlns=\"http:\/\/www.w3.org\/2000\/svg\" width=\"12\" height=\"12\" fill=\"none\" viewBox=\"0 0 12 12\">\n\t\t\t\t<path fill=\"#fff\" d=\"M2 0a2 2 0 0 0-2 2v2h1.5V2a.5.5 0 0 1 .5-.5h2V0H2Zm2 10.5H2a.5.5 0 0 1-.5-.5V8H0v2a2 2 0 0 0 2 2h2v-1.5ZM8 12v-1.5h2a.5.5 0 0 0 .5-.5V8H12v2a2 2 0 0 1-2 2H8Zm2-12a2 2 0 0 1 2 2v2h-1.5V2a.5.5 0 0 0-.5-.5H8V0h2Z\" \/>\n\t\t\t<\/svg>\n\t\t<\/button><\/figure>\n<\/div>\n\n\n\n<div class=\"wp-block-column is-layout-flow wp-block-column-is-layout-flow\">\n<figure data-wp-context=\"{&quot;imageId&quot;:&quot;69e35a408ccfd&quot;}\" data-wp-interactive=\"core\/image\" data-wp-key=\"69e35a408ccfd\" class=\"wp-block-image size-large wp-lightbox-container\"><img decoding=\"async\" width=\"1024\" height=\"726\" data-wp-class--hide=\"state.isContentHidden\" data-wp-class--show=\"state.isContentVisible\" data-wp-init=\"callbacks.setButtonStyles\" data-wp-on--click=\"actions.showLightbox\" data-wp-on--load=\"callbacks.setButtonStyles\" data-wp-on-window--resize=\"callbacks.setButtonStyles\" src=\"https:\/\/mavoisinecuisine.com\/wp-content\/uploads\/2024\/11\/2024.05.28-carte-cadeau_p2-1024x726.jpg\" alt=\"\" class=\"wp-image-1996\" srcset=\"https:\/\/mavoisinecuisine.com\/wp-content\/uploads\/2024\/11\/2024.05.28-carte-cadeau_p2-1024x726.jpg 1024w, https:\/\/mavoisinecuisine.com\/wp-content\/uploads\/2024\/11\/2024.05.28-carte-cadeau_p2-300x213.jpg 300w, https:\/\/mavoisinecuisine.com\/wp-content\/uploads\/2024\/11\/2024.05.28-carte-cadeau_p2-768x545.jpg 768w, https:\/\/mavoisinecuisine.com\/wp-content\/uploads\/2024\/11\/2024.05.28-carte-cadeau_p2-1536x1090.jpg 1536w, https:\/\/mavoisinecuisine.com\/wp-content\/uploads\/2024\/11\/2024.05.28-carte-cadeau_p2.jpg 1748w\" sizes=\"(max-width: 1024px) 100vw, 1024px\" \/><button\n\t\t\tclass=\"lightbox-trigger\"\n\t\t\ttype=\"button\"\n\t\t\taria-haspopup=\"dialog\"\n\t\t\taria-label=\"Agrandir\"\n\t\t\tdata-wp-init=\"callbacks.initTriggerButton\"\n\t\t\tdata-wp-on--click=\"actions.showLightbox\"\n\t\t\tdata-wp-style--right=\"state.imageButtonRight\"\n\t\t\tdata-wp-style--top=\"state.imageButtonTop\"\n\t\t>\n\t\t\t<svg xmlns=\"http:\/\/www.w3.org\/2000\/svg\" width=\"12\" height=\"12\" fill=\"none\" viewBox=\"0 0 12 12\">\n\t\t\t\t<path fill=\"#fff\" d=\"M2 0a2 2 0 0 0-2 2v2h1.5V2a.5.5 0 0 1 .5-.5h2V0H2Zm2 10.5H2a.5.5 0 0 1-.5-.5V8H0v2a2 2 0 0 0 2 2h2v-1.5ZM8 12v-1.5h2a.5.5 0 0 0 .5-.5V8H12v2a2 2 0 0 1-2 2H8Zm2-12a2 2 0 0 1 2 2v2h-1.5V2a.5.5 0 0 0-.5-.5H8V0h2Z\" \/>\n\t\t\t<\/svg>\n\t\t<\/button><\/figure>\n<\/div>\n<\/div>\n\n\n\n<div class=\"wp-block-buttons is-content-justification-center is-layout-flex wp-container-core-buttons-is-layout-a89b3969 wp-block-buttons-is-layout-flex\">\n<div class=\"wp-block-button has-custom-width wp-block-button__width-75 has-custom-font-size is-style-fill has-medium-font-size\" style=\"font-style:normal;font-weight:600\"><a class=\"wp-block-button__link has-ast-global-color-5-color has-ast-global-color-0-background-color has-text-color has-background has-link-color has-text-align-center wp-element-button\" href=\"mailto:info@mavoisinecuisine.com\" style=\"padding-right:var(--wp--preset--spacing--70);padding-left:var(--wp--preset--spacing--70)\" target=\"_blank\" rel=\"noreferrer noopener\"><strong> <\/strong>Commandez la carte cadeau<\/a><\/div>\n<\/div>\n\n\n\n<p><\/p>\n","protected":false},"excerpt":{"rendered":"<p>Id\u00e9e cadeau Vous cherchez un&nbsp;cadeau&nbsp;(individuel ou de groupe)&nbsp;tr\u00e8s original&nbsp;\u00e0 offrir ? N\u2019h\u00e9sitez plus :&nbsp;Offrez une s\u00e9ance de batch cooking&nbsp;! Il vous suffit de contacter Ma Voisine Cuisine : ainsi vous pourrez d\u00e9finir combien de batch cooking vous souhaitez offrir. Julie vous transmettra ensuite votre carte cadeau (voir les CGV ici). Et pourquoi pas vous faire [&hellip;]<\/p>\n","protected":false},"author":2,"featured_media":0,"parent":0,"menu_order":0,"comment_status":"closed","ping_status":"closed","template":"","meta":{"site-sidebar-layout":"default","site-content-layout":"","ast-site-content-layout":"default","site-content-style":"default","site-sidebar-style":"default","ast-global-header-display":"","ast-banner-title-visibility":"","ast-main-header-display":"","ast-hfb-above-header-display":"","ast-hfb-below-header-display":"","ast-hfb-mobile-header-display":"","site-post-title":"disabled","ast-breadcrumbs-content":"","ast-featured-img":"","footer-sml-layout":"","ast-disable-related-posts":"","theme-transparent-header-meta":"","adv-header-id-meta":"","stick-header-meta":"","header-above-stick-meta":"","header-main-stick-meta":"","header-below-stick-meta":"","astra-migrate-meta-layouts":"default","ast-page-background-enabled":"default","ast-page-background-meta":{"desktop":{"background-color":"var(--ast-global-color-4)","background-image":"","background-repeat":"repeat","background-position":"center center","background-size":"auto","background-attachment":"scroll","background-type":"","background-media":"","overlay-type":"","overlay-color":"","overlay-opacity":"","overlay-gradient":""},"tablet":{"background-color":"","background-image":"","background-repeat":"repeat","background-position":"center center","background-size":"auto","background-attachment":"scroll","background-type":"","background-media":"","overlay-type":"","overlay-color":"","overlay-opacity":"","overlay-gradient":""},"mobile":{"background-color":"","background-image":"","background-repeat":"repeat","background-position":"center center","background-size":"auto","background-attachment":"scroll","background-type":"","background-media":"","overlay-type":"","overlay-color":"","overlay-opacity":"","overlay-gradient":""}},"ast-content-background-meta":{"desktop":{"background-color":"var(--ast-global-color-5)","background-image":"","background-repeat":"repeat","background-position":"center center","background-size":"auto","background-attachment":"scroll","background-type":"","background-media":"","overlay-type":"","overlay-color":"","overlay-opacity":"","overlay-gradient":""},"tablet":{"background-color":"var(--ast-global-color-5)","background-image":"","background-repeat":"repeat","background-position":"center center","background-size":"auto","background-attachment":"scroll","background-type":"","background-media":"","overlay-type":"","overlay-color":"","overlay-opacity":"","overlay-gradient":""},"mobile":{"background-color":"var(--ast-global-color-5)","background-image":"","background-repeat":"repeat","background-position":"center center","background-size":"auto","background-attachment":"scroll","background-type":"","background-media":"","overlay-type":"","overlay-color":"","overlay-opacity":"","overlay-gradient":""}},"footnotes":""},"class_list":["post-1994","page","type-page","status-publish","hentry"],"yoast_head":"<!-- This site is optimized with the Yoast SEO plugin v27.4 - https:\/\/yoast.com\/product\/yoast-seo-wordpress\/ -->\n<title>Carte cadeau - Ma Voisine Cuisine<\/title>\n<meta name=\"description\" content=\"Voici une id\u00e9e tr\u00e8s originale de cadeau \u00e0 offrir ou \u00e0 se faire offrir pour toute occasion : une s\u00e9ance de batch cooking !\" \/>\n<meta name=\"robots\" content=\"index, follow, max-snippet:-1, max-image-preview:large, max-video-preview:-1\" \/>\n<link rel=\"canonical\" href=\"https:\/\/mavoisinecuisine.com\/index.php\/carte-cadeau\/\" \/>\n<meta property=\"og:locale\" content=\"fr_FR\" \/>\n<meta property=\"og:type\" content=\"article\" \/>\n<meta property=\"og:title\" content=\"Carte cadeau - Ma Voisine Cuisine\" \/>\n<meta property=\"og:description\" content=\"Voici une id\u00e9e tr\u00e8s originale de cadeau \u00e0 offrir ou \u00e0 se faire offrir pour toute occasion : une s\u00e9ance de batch cooking !\" \/>\n<meta property=\"og:url\" content=\"https:\/\/mavoisinecuisine.com\/index.php\/carte-cadeau\/\" \/>\n<meta property=\"og:site_name\" content=\"Ma Voisine Cuisine\" \/>\n<meta property=\"article:publisher\" content=\"https:\/\/www.facebook.com\/mavoisinecuisine\" \/>\n<meta property=\"article:modified_time\" content=\"2025-02-17T18:56:32+00:00\" \/>\n<meta property=\"og:image\" content=\"http:\/\/mavoisinecuisine.com\/wp-content\/uploads\/2024\/05\/2024.05.28-carte-cadeau_p1-1024x726.jpg\" \/>\n<meta name=\"twitter:card\" content=\"summary_large_image\" \/>\n<meta name=\"twitter:label1\" content=\"Dur\u00e9e de lecture estim\u00e9e\" \/>\n\t<meta name=\"twitter:data1\" content=\"1 minute\" \/>\n<script type=\"application\/ld+json\" class=\"yoast-schema-graph\">{\"@context\":\"https:\\\/\\\/schema.org\",\"@graph\":[{\"@type\":\"WebPage\",\"@id\":\"https:\\\/\\\/mavoisinecuisine.com\\\/index.php\\\/carte-cadeau\\\/\",\"url\":\"https:\\\/\\\/mavoisinecuisine.com\\\/index.php\\\/carte-cadeau\\\/\",\"name\":\"Carte cadeau - Ma Voisine Cuisine\",\"isPartOf\":{\"@id\":\"https:\\\/\\\/mavoisinecuisine.com\\\/#website\"},\"primaryImageOfPage\":{\"@id\":\"https:\\\/\\\/mavoisinecuisine.com\\\/index.php\\\/carte-cadeau\\\/#primaryimage\"},\"image\":{\"@id\":\"https:\\\/\\\/mavoisinecuisine.com\\\/index.php\\\/carte-cadeau\\\/#primaryimage\"},\"thumbnailUrl\":\"http:\\\/\\\/mavoisinecuisine.com\\\/wp-content\\\/uploads\\\/2024\\\/05\\\/2024.05.28-carte-cadeau_p1-1024x726.jpg\",\"datePublished\":\"2024-11-03T10:56:53+00:00\",\"dateModified\":\"2025-02-17T18:56:32+00:00\",\"description\":\"Voici une id\u00e9e tr\u00e8s originale de cadeau \u00e0 offrir ou \u00e0 se faire offrir pour toute occasion : une s\u00e9ance de batch cooking !\",\"breadcrumb\":{\"@id\":\"https:\\\/\\\/mavoisinecuisine.com\\\/index.php\\\/carte-cadeau\\\/#breadcrumb\"},\"inLanguage\":\"fr-FR\",\"potentialAction\":[{\"@type\":\"ReadAction\",\"target\":[\"https:\\\/\\\/mavoisinecuisine.com\\\/index.php\\\/carte-cadeau\\\/\"]}]},{\"@type\":\"ImageObject\",\"inLanguage\":\"fr-FR\",\"@id\":\"https:\\\/\\\/mavoisinecuisine.com\\\/index.php\\\/carte-cadeau\\\/#primaryimage\",\"url\":\"http:\\\/\\\/mavoisinecuisine.com\\\/wp-content\\\/uploads\\\/2024\\\/05\\\/2024.05.28-carte-cadeau_p1-1024x726.jpg\",\"contentUrl\":\"http:\\\/\\\/mavoisinecuisine.com\\\/wp-content\\\/uploads\\\/2024\\\/05\\\/2024.05.28-carte-cadeau_p1-1024x726.jpg\"},{\"@type\":\"BreadcrumbList\",\"@id\":\"https:\\\/\\\/mavoisinecuisine.com\\\/index.php\\\/carte-cadeau\\\/#breadcrumb\",\"itemListElement\":[{\"@type\":\"ListItem\",\"position\":1,\"name\":\"Accueil\",\"item\":\"https:\\\/\\\/mavoisinecuisine.com\\\/\"},{\"@type\":\"ListItem\",\"position\":2,\"name\":\"Carte cadeau\"}]},{\"@type\":\"WebSite\",\"@id\":\"https:\\\/\\\/mavoisinecuisine.com\\\/#website\",\"url\":\"https:\\\/\\\/mavoisinecuisine.com\\\/\",\"name\":\"ma voisine cuisine\",\"description\":\"Batch Cooking | Haute-Savoie, Gen\u00e8ve et alentours\",\"publisher\":{\"@id\":\"https:\\\/\\\/mavoisinecuisine.com\\\/#organization\"},\"potentialAction\":[{\"@type\":\"SearchAction\",\"target\":{\"@type\":\"EntryPoint\",\"urlTemplate\":\"https:\\\/\\\/mavoisinecuisine.com\\\/?s={search_term_string}\"},\"query-input\":{\"@type\":\"PropertyValueSpecification\",\"valueRequired\":true,\"valueName\":\"search_term_string\"}}],\"inLanguage\":\"fr-FR\"},{\"@type\":\"Organization\",\"@id\":\"https:\\\/\\\/mavoisinecuisine.com\\\/#organization\",\"name\":\"Ma voisine cuisine\",\"url\":\"https:\\\/\\\/mavoisinecuisine.com\\\/\",\"logo\":{\"@type\":\"ImageObject\",\"inLanguage\":\"fr-FR\",\"@id\":\"https:\\\/\\\/mavoisinecuisine.com\\\/#\\\/schema\\\/logo\\\/image\\\/\",\"url\":\"https:\\\/\\\/mavoisinecuisine.com\\\/wp-content\\\/uploads\\\/2023\\\/11\\\/cropped-cropped-Logo_mavoisinecuisine_transparent-01.png\",\"contentUrl\":\"https:\\\/\\\/mavoisinecuisine.com\\\/wp-content\\\/uploads\\\/2023\\\/11\\\/cropped-cropped-Logo_mavoisinecuisine_transparent-01.png\",\"width\":1768,\"height\":1768,\"caption\":\"Ma voisine cuisine\"},\"image\":{\"@id\":\"https:\\\/\\\/mavoisinecuisine.com\\\/#\\\/schema\\\/logo\\\/image\\\/\"},\"sameAs\":[\"https:\\\/\\\/www.facebook.com\\\/mavoisinecuisine\",\"https:\\\/\\\/www.instagram.com\\\/ma_voisine_cuisine\\\/\"]}]}<\/script>\n<!-- \/ Yoast SEO plugin. -->","yoast_head_json":{"title":"Carte cadeau - Ma Voisine Cuisine","description":"Voici une id\u00e9e tr\u00e8s originale de cadeau \u00e0 offrir ou \u00e0 se faire offrir pour toute occasion : une s\u00e9ance de batch cooking !","robots":{"index":"index","follow":"follow","max-snippet":"max-snippet:-1","max-image-preview":"max-image-preview:large","max-video-preview":"max-video-preview:-1"},"canonical":"https:\/\/mavoisinecuisine.com\/index.php\/carte-cadeau\/","og_locale":"fr_FR","og_type":"article","og_title":"Carte cadeau - Ma Voisine Cuisine","og_description":"Voici une id\u00e9e tr\u00e8s originale de cadeau \u00e0 offrir ou \u00e0 se faire offrir pour toute occasion : une s\u00e9ance de batch cooking !","og_url":"https:\/\/mavoisinecuisine.com\/index.php\/carte-cadeau\/","og_site_name":"Ma Voisine Cuisine","article_publisher":"https:\/\/www.facebook.com\/mavoisinecuisine","article_modified_time":"2025-02-17T18:56:32+00:00","og_image":[{"url":"http:\/\/mavoisinecuisine.com\/wp-content\/uploads\/2024\/05\/2024.05.28-carte-cadeau_p1-1024x726.jpg","type":"","width":"","height":""}],"twitter_card":"summary_large_image","twitter_misc":{"Dur\u00e9e de lecture estim\u00e9e":"1 minute"},"schema":{"@context":"https:\/\/schema.org","@graph":[{"@type":"WebPage","@id":"https:\/\/mavoisinecuisine.com\/index.php\/carte-cadeau\/","url":"https:\/\/mavoisinecuisine.com\/index.php\/carte-cadeau\/","name":"Carte cadeau - Ma Voisine Cuisine","isPartOf":{"@id":"https:\/\/mavoisinecuisine.com\/#website"},"primaryImageOfPage":{"@id":"https:\/\/mavoisinecuisine.com\/index.php\/carte-cadeau\/#primaryimage"},"image":{"@id":"https:\/\/mavoisinecuisine.com\/index.php\/carte-cadeau\/#primaryimage"},"thumbnailUrl":"http:\/\/mavoisinecuisine.com\/wp-content\/uploads\/2024\/05\/2024.05.28-carte-cadeau_p1-1024x726.jpg","datePublished":"2024-11-03T10:56:53+00:00","dateModified":"2025-02-17T18:56:32+00:00","description":"Voici une id\u00e9e tr\u00e8s originale de cadeau \u00e0 offrir ou \u00e0 se faire offrir pour toute occasion : une s\u00e9ance de batch cooking !","breadcrumb":{"@id":"https:\/\/mavoisinecuisine.com\/index.php\/carte-cadeau\/#breadcrumb"},"inLanguage":"fr-FR","potentialAction":[{"@type":"ReadAction","target":["https:\/\/mavoisinecuisine.com\/index.php\/carte-cadeau\/"]}]},{"@type":"ImageObject","inLanguage":"fr-FR","@id":"https:\/\/mavoisinecuisine.com\/index.php\/carte-cadeau\/#primaryimage","url":"http:\/\/mavoisinecuisine.com\/wp-content\/uploads\/2024\/05\/2024.05.28-carte-cadeau_p1-1024x726.jpg","contentUrl":"http:\/\/mavoisinecuisine.com\/wp-content\/uploads\/2024\/05\/2024.05.28-carte-cadeau_p1-1024x726.jpg"},{"@type":"BreadcrumbList","@id":"https:\/\/mavoisinecuisine.com\/index.php\/carte-cadeau\/#breadcrumb","itemListElement":[{"@type":"ListItem","position":1,"name":"Accueil","item":"https:\/\/mavoisinecuisine.com\/"},{"@type":"ListItem","position":2,"name":"Carte cadeau"}]},{"@type":"WebSite","@id":"https:\/\/mavoisinecuisine.com\/#website","url":"https:\/\/mavoisinecuisine.com\/","name":"ma voisine cuisine","description":"Batch Cooking | Haute-Savoie, Gen\u00e8ve et alentours","publisher":{"@id":"https:\/\/mavoisinecuisine.com\/#organization"},"potentialAction":[{"@type":"SearchAction","target":{"@type":"EntryPoint","urlTemplate":"https:\/\/mavoisinecuisine.com\/?s={search_term_string}"},"query-input":{"@type":"PropertyValueSpecification","valueRequired":true,"valueName":"search_term_string"}}],"inLanguage":"fr-FR"},{"@type":"Organization","@id":"https:\/\/mavoisinecuisine.com\/#organization","name":"Ma voisine cuisine","url":"https:\/\/mavoisinecuisine.com\/","logo":{"@type":"ImageObject","inLanguage":"fr-FR","@id":"https:\/\/mavoisinecuisine.com\/#\/schema\/logo\/image\/","url":"https:\/\/mavoisinecuisine.com\/wp-content\/uploads\/2023\/11\/cropped-cropped-Logo_mavoisinecuisine_transparent-01.png","contentUrl":"https:\/\/mavoisinecuisine.com\/wp-content\/uploads\/2023\/11\/cropped-cropped-Logo_mavoisinecuisine_transparent-01.png","width":1768,"height":1768,"caption":"Ma voisine cuisine"},"image":{"@id":"https:\/\/mavoisinecuisine.com\/#\/schema\/logo\/image\/"},"sameAs":["https:\/\/www.facebook.com\/mavoisinecuisine","https:\/\/www.instagram.com\/ma_voisine_cuisine\/"]}]}},"_links":{"self":[{"href":"https:\/\/mavoisinecuisine.com\/index.php\/wp-json\/wp\/v2\/pages\/1994","targetHints":{"allow":["GET"]}}],"collection":[{"href":"https:\/\/mavoisinecuisine.com\/index.php\/wp-json\/wp\/v2\/pages"}],"about":[{"href":"https:\/\/mavoisinecuisine.com\/index.php\/wp-json\/wp\/v2\/types\/page"}],"author":[{"embeddable":true,"href":"https:\/\/mavoisinecuisine.com\/index.php\/wp-json\/wp\/v2\/users\/2"}],"replies":[{"embeddable":true,"href":"https:\/\/mavoisinecuisine.com\/index.php\/wp-json\/wp\/v2\/comments?post=1994"}],"version-history":[{"count":40,"href":"https:\/\/mavoisinecuisine.com\/index.php\/wp-json\/wp\/v2\/pages\/1994\/revisions"}],"predecessor-version":[{"id":2466,"href":"https:\/\/mavoisinecuisine.com\/index.php\/wp-json\/wp\/v2\/pages\/1994\/revisions\/2466"}],"wp:attachment":[{"href":"https:\/\/mavoisinecuisine.com\/index.php\/wp-json\/wp\/v2\/media?parent=1994"}],"curies":[{"name":"wp","href":"https:\/\/api.w.org\/{rel}","templated":true}]}}